{"id":75,"date":"2020-09-08T19:22:27","date_gmt":"2020-09-08T17:22:27","guid":{"rendered":"https:\/\/www.kalkhorstertraditionsscheune.de\/www\/?page_id=75"},"modified":"2024-03-16T13:48:27","modified_gmt":"2024-03-16T12:48:27","slug":"ueber-uns","status":"publish","type":"page","link":"https:\/\/www.kalkhorstertraditionsscheune.de\/www\/","title":{"rendered":"\u00dcber uns"},"content":{"rendered":"\n<div class=\"wp-block-columns is-layout-flex wp-container-5\">\n<div class=\"wp-block-column is-layout-flow\" style=\"flex-basis:30%\">\n<p>Wir sind ein kleiner gemeinn\u00fctziger Verein. In unserer Kalkhorster Traditionsscheune  treffen sich Menschen, um gemeinsam aktiv zu sein. Brot backen, Pflaumenmus einkochen, Bier brauen, K\u00e4se zubereiten, Wolle verarbeiten, Seife herstellen, die Gestaltung des d\u00f6rflichen Zusammenlebens sollen Ausgangspunkt sein, um gemeinsame Zeit miteinander sinnvoll zu verbringen. Gleichzeitig wollen wir Br\u00fccken zwischen den verschiedenen Generationen bauen. Die gemeinsame Besch\u00e4ftigung mit der Verarbeitung landwirtschaftlicher Rohprodukte soll dazu dienen, dass Wissen dar\u00fcber nicht versanden zu lassen. <\/p>\n<\/div>\n\n\n\n<div class=\"wp-block-column is-layout-flow\" style=\"flex-basis:50%\">\n<figure class=\"wp-block-gallery has-nested-images columns-3 is-cropped wp-block-gallery-2 is-layout-flex\">\n<figure class=\"wp-block-image size-large\"><img decoding=\"async\" loading=\"lazy\" width=\"1024\" height=\"768\" src=\"https:\/\/www.kalkhorstertraditionsscheune.de\/www\/wp-content\/uploads\/2021\/02\/D1655B2E-167C-4B7B-8575-5EF43EEB2344-1024x768.jpeg\" alt=\"\" class=\"wp-image-343\" srcset=\"https:\/\/www.kalkhorstertraditionsscheune.de\/www\/wp-content\/uploads\/2021\/02\/D1655B2E-167C-4B7B-8575-5EF43EEB2344-1024x768.jpeg 1024w, https:\/\/www.kalkhorstertraditionsscheune.de\/www\/wp-content\/uploads\/2021\/02\/D1655B2E-167C-4B7B-8575-5EF43EEB2344-300x225.jpeg 300w, https:\/\/www.kalkhorstertraditionsscheune.de\/www\/wp-content\/uploads\/2021\/02\/D1655B2E-167C-4B7B-8575-5EF43EEB2344-768x576.jpeg 768w, https:\/\/www.kalkhorstertraditionsscheune.de\/www\/wp-content\/uploads\/2021\/02\/D1655B2E-167C-4B7B-8575-5EF43EEB2344-1536x1152.jpeg 1536w, https:\/\/www.kalkhorstertraditionsscheune.de\/www\/wp-content\/uploads\/2021\/02\/D1655B2E-167C-4B7B-8575-5EF43EEB2344-2048x1536.jpeg 2048w\" sizes=\"(max-width: 1024px) 100vw, 1024px\" \/><\/figure>\n\n\n\n<figure class=\"wp-block-image size-large\"><img decoding=\"async\" loading=\"lazy\" width=\"768\" height=\"1024\" src=\"https:\/\/www.kalkhorstertraditionsscheune.de\/www\/wp-content\/uploads\/2020\/10\/Hopfengabe.jpg\" alt=\"\" class=\"wp-image-261\" srcset=\"https:\/\/www.kalkhorstertraditionsscheune.de\/www\/wp-content\/uploads\/2020\/10\/Hopfengabe.jpg 768w, https:\/\/www.kalkhorstertraditionsscheune.de\/www\/wp-content\/uploads\/2020\/10\/Hopfengabe-225x300.jpg 225w\" sizes=\"(max-width: 768px) 100vw, 768px\" \/><\/figure>\n\n\n\n<figure class=\"wp-block-image size-large\"><img decoding=\"async\" loading=\"lazy\" width=\"640\" height=\"480\" src=\"https:\/\/www.kalkhorstertraditionsscheune.de\/www\/wp-content\/uploads\/2020\/09\/IMG_4611.jpg\" alt=\"\" class=\"wp-image-207\" srcset=\"https:\/\/www.kalkhorstertraditionsscheune.de\/www\/wp-content\/uploads\/2020\/09\/IMG_4611.jpg 640w, https:\/\/www.kalkhorstertraditionsscheune.de\/www\/wp-content\/uploads\/2020\/09\/IMG_4611-300x225.jpg 300w\" sizes=\"(max-width: 640px) 100vw, 640px\" \/><\/figure>\n\n\n\n<figure class=\"wp-block-image size-large\"><img decoding=\"async\" loading=\"lazy\" width=\"768\" height=\"1024\" src=\"https:\/\/www.kalkhorstertraditionsscheune.de\/www\/wp-content\/uploads\/2020\/09\/20191214_091246-768x1024.jpg\" alt=\"\" class=\"wp-image-80\" srcset=\"https:\/\/www.kalkhorstertraditionsscheune.de\/www\/wp-content\/uploads\/2020\/09\/20191214_091246-768x1024.jpg 768w, https:\/\/www.kalkhorstertraditionsscheune.de\/www\/wp-content\/uploads\/2020\/09\/20191214_091246-225x300.jpg 225w, https:\/\/www.kalkhorstertraditionsscheune.de\/www\/wp-content\/uploads\/2020\/09\/20191214_091246-1152x1536.jpg 1152w, https:\/\/www.kalkhorstertraditionsscheune.de\/www\/wp-content\/uploads\/2020\/09\/20191214_091246-1536x2048.jpg 1536w, https:\/\/www.kalkhorstertraditionsscheune.de\/www\/wp-content\/uploads\/2020\/09\/20191214_091246-scaled.jpg 1920w\" sizes=\"(max-width: 768px) 100vw, 768px\" \/><\/figure>\n\n\n\n<figure class=\"wp-block-image size-large\"><img decoding=\"async\" loading=\"lazy\" width=\"683\" height=\"1024\" src=\"https:\/\/www.kalkhorstertraditionsscheune.de\/www\/wp-content\/uploads\/2020\/09\/IMG_3236-683x1024.jpg\" alt=\"\" class=\"wp-image-83\" srcset=\"https:\/\/www.kalkhorstertraditionsscheune.de\/www\/wp-content\/uploads\/2020\/09\/IMG_3236-683x1024.jpg 683w, https:\/\/www.kalkhorstertraditionsscheune.de\/www\/wp-content\/uploads\/2020\/09\/IMG_3236-200x300.jpg 200w, https:\/\/www.kalkhorstertraditionsscheune.de\/www\/wp-content\/uploads\/2020\/09\/IMG_3236-768x1151.jpg 768w, https:\/\/www.kalkhorstertraditionsscheune.de\/www\/wp-content\/uploads\/2020\/09\/IMG_3236.jpg 854w\" sizes=\"(max-width: 683px) 100vw, 683px\" \/><\/figure>\n\n\n\n<figure class=\"wp-block-image size-large\"><img decoding=\"async\" loading=\"lazy\" width=\"768\" height=\"1024\" src=\"https:\/\/www.kalkhorstertraditionsscheune.de\/www\/wp-content\/uploads\/2020\/09\/IMG-20200402-WA0002-768x1024.jpg\" alt=\"\" class=\"wp-image-82\" srcset=\"https:\/\/www.kalkhorstertraditionsscheune.de\/www\/wp-content\/uploads\/2020\/09\/IMG-20200402-WA0002-768x1024.jpg 768w, https:\/\/www.kalkhorstertraditionsscheune.de\/www\/wp-content\/uploads\/2020\/09\/IMG-20200402-WA0002-225x300.jpg 225w, https:\/\/www.kalkhorstertraditionsscheune.de\/www\/wp-content\/uploads\/2020\/09\/IMG-20200402-WA0002.jpg 960w\" sizes=\"(max-width: 768px) 100vw, 768px\" \/><\/figure>\n\n\n\n<figure class=\"wp-block-image size-large\"><img decoding=\"async\" loading=\"lazy\" width=\"1024\" height=\"576\" src=\"https:\/\/www.kalkhorstertraditionsscheune.de\/www\/wp-content\/uploads\/2022\/04\/CAB553F3-16E5-4E3C-A24B-57647C1ED273-1024x576.jpeg\" alt=\"\" class=\"wp-image-742\" srcset=\"https:\/\/www.kalkhorstertraditionsscheune.de\/www\/wp-content\/uploads\/2022\/04\/CAB553F3-16E5-4E3C-A24B-57647C1ED273-1024x576.jpeg 1024w, https:\/\/www.kalkhorstertraditionsscheune.de\/www\/wp-content\/uploads\/2022\/04\/CAB553F3-16E5-4E3C-A24B-57647C1ED273-300x169.jpeg 300w, https:\/\/www.kalkhorstertraditionsscheune.de\/www\/wp-content\/uploads\/2022\/04\/CAB553F3-16E5-4E3C-A24B-57647C1ED273-768x432.jpeg 768w, https:\/\/www.kalkhorstertraditionsscheune.de\/www\/wp-content\/uploads\/2022\/04\/CAB553F3-16E5-4E3C-A24B-57647C1ED273-1536x864.jpeg 1536w, https:\/\/www.kalkhorstertraditionsscheune.de\/www\/wp-content\/uploads\/2022\/04\/CAB553F3-16E5-4E3C-A24B-57647C1ED273-2048x1152.jpeg 2048w\" sizes=\"(max-width: 1024px) 100vw, 1024px\" \/><figcaption class=\"wp-element-caption\">Kalkhordter Traditionsscheune e.V.<\/figcaption><\/figure>\n<\/figure>\n<\/div>\n<\/div>\n\n\n\n<p class=\"has-drop-cap\" style=\"font-size:22px\"><strong>Warum das denn?<\/strong><\/p>\n\n\n\n<p>Kalkhorst hat eine gute Entwicklung genommen (<a href=\"https:\/\/www.minimare.de\/\" target=\"_blank\" rel=\"noreferrer noopener\">Minimare<\/a>, Dorfplatzsanierung, <a href=\"https:\/\/www.kalkhorst-ostsee.de\/tourismus\/naturstation-fischerkaten\/\" target=\"_blank\" rel=\"noreferrer noopener\">Fischerkaten<\/a>) . F\u00fcr die Kinder gibt es den <a href=\"https:\/\/kalkhorster-sv.de\/\" target=\"_blank\" rel=\"noreferrer noopener\">Kalkhorster Sportverein <\/a>und den <a href=\"https:\/\/de-de.facebook.com\/KalkhorsterKinderkram\/\" target=\"_blank\" rel=\"noreferrer noopener\">Kinderkram e.V.<\/a>. Was fehlt ist ein  Treffpunkt f\u00fcr Erwachsene. Nach der Arbeit oder am Wochenende trifft man sich auf privater Ebene. Ausfl\u00fcge mit dem Fahrrad, kl\u00f6nen und  grillen auf unseren Grunst\u00fccken ist sch\u00f6n und macht auch Spa\u00df. Trotzdem gibt es da noch mehr.<\/p>\n\n\n\n<div class=\"wp-block-group is-layout-constrained\"><div class=\"wp-block-group__inner-container\">\n<div class=\"wp-block-media-text alignwide is-stacked-on-mobile\" style=\"grid-template-columns:32% auto\"><figure class=\"wp-block-media-text__media\"><img decoding=\"async\" loading=\"lazy\" width=\"807\" height=\"349\" src=\"https:\/\/www.kalkhorstertraditionsscheune.de\/www\/wp-content\/uploads\/2020\/09\/Logo-Rechteck-Kalkhorster-Traditionsscheune3.jpg\" alt=\"\" class=\"wp-image-93 size-full\" srcset=\"https:\/\/www.kalkhorstertraditionsscheune.de\/www\/wp-content\/uploads\/2020\/09\/Logo-Rechteck-Kalkhorster-Traditionsscheune3.jpg 807w, https:\/\/www.kalkhorstertraditionsscheune.de\/www\/wp-content\/uploads\/2020\/09\/Logo-Rechteck-Kalkhorster-Traditionsscheune3-300x130.jpg 300w, https:\/\/www.kalkhorstertraditionsscheune.de\/www\/wp-content\/uploads\/2020\/09\/Logo-Rechteck-Kalkhorster-Traditionsscheune3-768x332.jpg 768w\" sizes=\"(max-width: 807px) 100vw, 807px\" \/><\/figure><div class=\"wp-block-media-text__content\">\n<p class=\"has-drop-cap\">\u00c4rmel hoch: &#8222;Am 09.M\u00e4rz 2020 gr\u00fcndeten wir den Verein!&#8220;.  Praktisch wollen wir sein und handfest. Nicht labern, sondern gemeinsam was tun und dabei Spa\u00df haben. Die Gr\u00fcndung mit Namenfindung, Satzungserstellung, Eintragung ins Vereinsregister, Logo entwickeln, usw. haben wir geschafft. Und dann???<\/p>\n<\/div><\/div>\n<\/div><\/div>\n\n\n\n<p class=\"has-drop-cap\">Vereinsgeb\u00e4ude musste her, nicht zu gro\u00df und nicht zu klein, m\u00f6glichst zentral gelegen???<\/p>\n\n\n\n<p class=\"has-drop-cap\"><a href=\"https:\/\/semrau-bau.de\/\" target=\"_blank\" rel=\"noreferrer noopener sponsored nofollow\">SemrauBau fragen<\/a>, die kennen sich aus im <a href=\"https:\/\/www.kluetzer-winkel.de\/\" target=\"_blank\" rel=\"noreferrer noopener\">Kl\u00fctzer Winkel<\/a>. Antwort: F\u00fcr die Vereinsszielsetzung ist die Scheune in der ehemaligen Friedensstra\u00dfe 29 &#8211; nun Friedensstra\u00dfe 36 &#8211; in Kalkhorst ideal gelegen. Allerdings braucht man etwas Phantasie, Mut, Idealismus, Lust und Unterst\u00fctzung f\u00fcr so ein Objekt.<\/p>\n\n\n\n<figure class=\"wp-block-gallery has-nested-images columns-default is-cropped wp-block-gallery-7 is-layout-flex\">\n<figure class=\"wp-block-image size-large\"><img decoding=\"async\" loading=\"lazy\" width=\"1024\" height=\"768\" data-id=\"55\"  src=\"https:\/\/www.kalkhorstertraditionsscheune.de\/www\/wp-content\/uploads\/2020\/09\/IMG-20200126-WA0009.jpg\" alt=\"\" class=\"wp-image-55\" srcset=\"https:\/\/www.kalkhorstertraditionsscheune.de\/www\/wp-content\/uploads\/2020\/09\/IMG-20200126-WA0009.jpg 1024w, https:\/\/www.kalkhorstertraditionsscheune.de\/www\/wp-content\/uploads\/2020\/09\/IMG-20200126-WA0009-300x225.jpg 300w, https:\/\/www.kalkhorstertraditionsscheune.de\/www\/wp-content\/uploads\/2020\/09\/IMG-20200126-WA0009-768x576.jpg 768w\" sizes=\"(max-width: 1024px) 100vw, 1024px\" \/><figcaption class=\"wp-element-caption\">Ansicht von S\u00fcden April 2020<\/figcaption><\/figure>\n\n\n\n<figure class=\"wp-block-image size-large\"><img decoding=\"async\" loading=\"lazy\" width=\"1024\" height=\"768\" data-id=\"94\"  src=\"https:\/\/www.kalkhorstertraditionsscheune.de\/www\/wp-content\/uploads\/2020\/09\/IMG-20200126-WA0012.jpg\" alt=\"\" class=\"wp-image-94\" srcset=\"https:\/\/www.kalkhorstertraditionsscheune.de\/www\/wp-content\/uploads\/2020\/09\/IMG-20200126-WA0012.jpg 1024w, https:\/\/www.kalkhorstertraditionsscheune.de\/www\/wp-content\/uploads\/2020\/09\/IMG-20200126-WA0012-300x225.jpg 300w, https:\/\/www.kalkhorstertraditionsscheune.de\/www\/wp-content\/uploads\/2020\/09\/IMG-20200126-WA0012-768x576.jpg 768w\" sizes=\"(max-width: 1024px) 100vw, 1024px\" \/><figcaption class=\"wp-element-caption\">Ansicht von Westen April 2020<\/figcaption><\/figure>\n\n\n\n<figure class=\"wp-block-image size-large\"><img decoding=\"async\" loading=\"lazy\" width=\"1024\" height=\"768\" data-id=\"96\"  src=\"https:\/\/www.kalkhorstertraditionsscheune.de\/www\/wp-content\/uploads\/2020\/09\/IMG-20200617-WA0001.jpg\" alt=\"\" class=\"wp-image-96\" srcset=\"https:\/\/www.kalkhorstertraditionsscheune.de\/www\/wp-content\/uploads\/2020\/09\/IMG-20200617-WA0001.jpg 1024w, https:\/\/www.kalkhorstertraditionsscheune.de\/www\/wp-content\/uploads\/2020\/09\/IMG-20200617-WA0001-300x225.jpg 300w, https:\/\/www.kalkhorstertraditionsscheune.de\/www\/wp-content\/uploads\/2020\/09\/IMG-20200617-WA0001-768x576.jpg 768w\" sizes=\"(max-width: 1024px) 100vw, 1024px\" \/><figcaption class=\"wp-element-caption\">Ansicht von Osten Juni 2020<\/figcaption><\/figure>\n<\/figure>\n\n\n\n<p class=\"has-drop-cap\">Ideen und Mitstreiter gesucht und  ein breites Netzwerk gebildet.  <br><br><\/p>\n\n\n\n<p class=\"has-drop-cap\">Gr\u00fcndungsmitglieder: Peter Werner, Mark und Lars  Semrau, Nino Gomes, Felix Grenzau, Martin Ehlers, Nando Hromada, Falk Siedenschnur, Reno Cornelius, Jan Godknecht &#8211; Maurer, Zimmermann, Kaufm\u00e4nnische Angestellter, Lehrer, Baustoff-Experte, Feuerwehrmann, &#8230;<\/p>\n\n\n\n<p class=\"has-drop-cap\">Netzwerk: <em>Semrau-Bau<\/em>, Bauservice Homrada und <em>Heizung Sanit\u00e4r Godknecht <\/em> begleiteten  uns bautechnisch<br>Susanne Braun, ortsans\u00e4\u00dfige Garten- und Landschaftsplanerin, hilft uns die Umgebung der Scheune zu gestalten. Geplant ist eine Terrasse, welche in eine Obstwiese m\u00fcndet, Randbepflanzungen, um eine Aufwertung des Dorfinneren zu erlangen.<\/p>\n\n\n\n<p class=\"has-drop-cap\">Gemeinde Kalkhorst bef\u00fcrwortet das Bestreben des Vereins. <br><br><\/p>\n\n\n\n<p>Zitat aus der Stellungnahme (20.08.2020) der Gemeinde Kalkhorst zum LEADER-F\u00f6rderantrag:<\/p>\n\n\n\n<pre class=\"wp-block-preformatted\">\"Die Gemeinde Kalkhorst unterst\u00fctzt das Vorhaben \u201eKalkhorster Traditionsscheune\u201c und begr\u00fc\u00dft das \nEngagement des Vereins, einen Ort der innerd\u00f6rflichen Vernetzung und Begegnung zu schaffen. In \nder heutigen Zeit hat sich das d\u00f6rfliche Leben durch l\u00e4ngere Arbeitswege und die Digitalisierung,\ndie alle Lebensbereiche durchzieht, stark ver\u00e4ndert. Soziale Isolation ist auch im l\u00e4ndlichen \nRaum vertreten. ...\nDie Scheune in der Friedensstra\u00dfe 29 befindet sich schr\u00e4g gegen\u00fcber der Kirche im Zentrum des \nOrtes Kalkhorst. Somit sind die Sichtbarkeit des Projekts sowie die Erreichbarkeit f\u00fcr \ninteressierte Bewohner gegeben. ....\nDie Instandsetzung der Scheune unterstreicht den d\u00f6rflichen Charakter des Ortes und wird die \nAttraktivit\u00e4t des Ortsbildes weiter erh\u00f6hen. Die Gemeinde Kalkhorst bef\u00fcrwortet aus diesen Gr\u00fcnden \ndie F\u00f6rderung des Projekts \u201eTraditionsscheune Kalkhorst\u201c. Mit freundlichen Gr\u00fc\u00dfen\nD. Neick\nB\u00fcrgermeister\"<\/pre>\n\n\n\n<p class=\"has-drop-cap\">Vision, so sah die erste Entwurfsplanung aus.<\/p>\n\n\n\n<figure class=\"wp-block-gallery has-nested-images columns-default is-cropped wp-block-gallery-9 is-layout-flex\">\n<figure class=\"wp-block-image size-large\"><img decoding=\"async\" loading=\"lazy\" width=\"1024\" height=\"768\" data-id=\"22\"  src=\"https:\/\/www.kalkhorstertraditionsscheune.de\/www\/wp-content\/uploads\/2020\/09\/IMG-20200303-WA0001.jpg\" alt=\"\" class=\"wp-image-22\" srcset=\"https:\/\/www.kalkhorstertraditionsscheune.de\/www\/wp-content\/uploads\/2020\/09\/IMG-20200303-WA0001.jpg 1024w, https:\/\/www.kalkhorstertraditionsscheune.de\/www\/wp-content\/uploads\/2020\/09\/IMG-20200303-WA0001-300x225.jpg 300w, https:\/\/www.kalkhorstertraditionsscheune.de\/www\/wp-content\/uploads\/2020\/09\/IMG-20200303-WA0001-768x576.jpg 768w\" sizes=\"(max-width: 1024px) 100vw, 1024px\" \/><figcaption class=\"wp-element-caption\">Scheune zur traditionellen Verarbeitung von landwirtschaftlichen Produkten<\/figcaption><\/figure>\n\n\n\n<figure class=\"wp-block-image size-large\"><img decoding=\"async\" loading=\"lazy\" width=\"1024\" height=\"717\" data-id=\"100\"  src=\"https:\/\/www.kalkhorstertraditionsscheune.de\/www\/wp-content\/uploads\/2020\/09\/Lageplanentwurf-Susanne-Braun-1024x717.jpg\" alt=\"\" class=\"wp-image-100\" srcset=\"https:\/\/www.kalkhorstertraditionsscheune.de\/www\/wp-content\/uploads\/2020\/09\/Lageplanentwurf-Susanne-Braun-1024x717.jpg 1024w, https:\/\/www.kalkhorstertraditionsscheune.de\/www\/wp-content\/uploads\/2020\/09\/Lageplanentwurf-Susanne-Braun-300x210.jpg 300w, https:\/\/www.kalkhorstertraditionsscheune.de\/www\/wp-content\/uploads\/2020\/09\/Lageplanentwurf-Susanne-Braun-768x538.jpg 768w, https:\/\/www.kalkhorstertraditionsscheune.de\/www\/wp-content\/uploads\/2020\/09\/Lageplanentwurf-Susanne-Braun.jpg 1185w\" sizes=\"(max-width: 1024px) 100vw, 1024px\" \/><figcaption class=\"wp-element-caption\">Susanne Braun Lageplanentwurf Obstwiese, Backofen<\/figcaption><\/figure>\n<\/figure>\n","protected":false},"excerpt":{"rendered":"<p>Wir sind ein kleiner gemeinn\u00fctziger Verein. In unserer Kalkhorster Traditionsscheune treffen sich Menschen, um gemeinsam aktiv zu sein. Brot backen, Pflaumenmus einkochen, Bier brauen, K\u00e4se zubereiten, Wolle verarbeiten, Seife herstellen, die Gestaltung des d\u00f6rflichen Zusammenlebens sollen Ausgangspunkt sein, um gemeinsame Zeit miteinander sinnvoll zu verbringen. Gleichzeitig wollen wir Br\u00fccken zwischen den verschiedenen Generationen bauen. Die [&hellip;]<\/p>\n","protected":false},"author":1,"featured_media":0,"parent":0,"menu_order":0,"comment_status":"closed","ping_status":"closed","template":"","meta":[],"yoast_head":"<!-- This site is optimized with the Yoast SEO plugin v21.8.1 - https:\/\/yoast.com\/wordpress\/plugins\/seo\/ -->\n<title>\u00dcber uns - Kalkhorster Traditionsscheune e.V.<\/title>\n<meta name=\"robots\" content=\"index, follow, max-snippet:-1, max-image-preview:large, max-video-preview:-1\" \/>\n<link rel=\"canonical\" href=\"https:\/\/www.kalkhorstertraditionsscheune.de\/www\/\" \/>\n<meta property=\"og:locale\" content=\"de_DE\" \/>\n<meta property=\"og:type\" content=\"article\" \/>\n<meta property=\"og:title\" content=\"\u00dcber uns - Kalkhorster Traditionsscheune e.V.\" \/>\n<meta property=\"og:description\" content=\"Wir sind ein kleiner gemeinn\u00fctziger Verein. In unserer Kalkhorster Traditionsscheune treffen sich Menschen, um gemeinsam aktiv zu sein. Brot backen, Pflaumenmus einkochen, Bier brauen, K\u00e4se zubereiten, Wolle verarbeiten, Seife herstellen, die Gestaltung des d\u00f6rflichen Zusammenlebens sollen Ausgangspunkt sein, um gemeinsame Zeit miteinander sinnvoll zu verbringen. Gleichzeitig wollen wir Br\u00fccken zwischen den verschiedenen Generationen bauen. Die [&hellip;]\" \/>\n<meta property=\"og:url\" content=\"https:\/\/www.kalkhorstertraditionsscheune.de\/www\/\" \/>\n<meta property=\"og:site_name\" content=\"Kalkhorster Traditionsscheune e.V.\" \/>\n<meta property=\"article:modified_time\" content=\"2024-03-16T12:48:27+00:00\" \/>\n<meta property=\"og:image\" content=\"https:\/\/www.kalkhorstertraditionsscheune.de\/www\/wp-content\/uploads\/2021\/02\/D1655B2E-167C-4B7B-8575-5EF43EEB2344-1024x768.jpeg\" \/>\n<meta name=\"twitter:card\" content=\"summary_large_image\" \/>\n<meta name=\"twitter:label1\" content=\"Gesch\u00e4tzte Lesezeit\" \/>\n\t<meta name=\"twitter:data1\" content=\"6\u00a0Minuten\" \/>\n<script type=\"application\/ld+json\" class=\"yoast-schema-graph\">{\"@context\":\"https:\/\/schema.org\",\"@graph\":[{\"@type\":\"WebPage\",\"@id\":\"https:\/\/www.kalkhorstertraditionsscheune.de\/www\/\",\"url\":\"https:\/\/www.kalkhorstertraditionsscheune.de\/www\/\",\"name\":\"\u00dcber uns - Kalkhorster Traditionsscheune e.V.\",\"isPartOf\":{\"@id\":\"https:\/\/www.kalkhorstertraditionsscheune.de\/#website\"},\"datePublished\":\"2020-09-08T17:22:27+00:00\",\"dateModified\":\"2024-03-16T12:48:27+00:00\",\"breadcrumb\":{\"@id\":\"https:\/\/www.kalkhorstertraditionsscheune.de\/www\/#breadcrumb\"},\"inLanguage\":\"de\",\"potentialAction\":[{\"@type\":\"ReadAction\",\"target\":[\"https:\/\/www.kalkhorstertraditionsscheune.de\/www\/\"]}]},{\"@type\":\"BreadcrumbList\",\"@id\":\"https:\/\/www.kalkhorstertraditionsscheune.de\/www\/#breadcrumb\",\"itemListElement\":[{\"@type\":\"ListItem\",\"position\":1,\"name\":\"Startseite\",\"item\":\"https:\/\/www.kalkhorstertraditionsscheune.de\/www\/\"},{\"@type\":\"ListItem\",\"position\":2,\"name\":\"\u00dcber uns\"}]},{\"@type\":\"WebSite\",\"@id\":\"https:\/\/www.kalkhorstertraditionsscheune.de\/#website\",\"url\":\"https:\/\/www.kalkhorstertraditionsscheune.de\/\",\"name\":\"Kalkhorster Traditionsscheune e.V.\",\"description\":\"\",\"potentialAction\":[{\"@type\":\"SearchAction\",\"target\":{\"@type\":\"EntryPoint\",\"urlTemplate\":\"https:\/\/www.kalkhorstertraditionsscheune.de\/?s={search_term_string}\"},\"query-input\":\"required name=search_term_string\"}],\"inLanguage\":\"de\"}]}<\/script>\n<!-- \/ Yoast SEO plugin. -->","yoast_head_json":{"title":"\u00dcber uns - Kalkhorster Traditionsscheune e.V.","robots":{"index":"index","follow":"follow","max-snippet":"max-snippet:-1","max-image-preview":"max-image-preview:large","max-video-preview":"max-video-preview:-1"},"canonical":"https:\/\/www.kalkhorstertraditionsscheune.de\/www\/","og_locale":"de_DE","og_type":"article","og_title":"\u00dcber uns - Kalkhorster Traditionsscheune e.V.","og_description":"Wir sind ein kleiner gemeinn\u00fctziger Verein. In unserer Kalkhorster Traditionsscheune treffen sich Menschen, um gemeinsam aktiv zu sein. Brot backen, Pflaumenmus einkochen, Bier brauen, K\u00e4se zubereiten, Wolle verarbeiten, Seife herstellen, die Gestaltung des d\u00f6rflichen Zusammenlebens sollen Ausgangspunkt sein, um gemeinsame Zeit miteinander sinnvoll zu verbringen. Gleichzeitig wollen wir Br\u00fccken zwischen den verschiedenen Generationen bauen. Die [&hellip;]","og_url":"https:\/\/www.kalkhorstertraditionsscheune.de\/www\/","og_site_name":"Kalkhorster Traditionsscheune e.V.","article_modified_time":"2024-03-16T12:48:27+00:00","og_image":[{"url":"https:\/\/www.kalkhorstertraditionsscheune.de\/www\/wp-content\/uploads\/2021\/02\/D1655B2E-167C-4B7B-8575-5EF43EEB2344-1024x768.jpeg"}],"twitter_card":"summary_large_image","twitter_misc":{"Gesch\u00e4tzte Lesezeit":"6\u00a0Minuten"},"schema":{"@context":"https:\/\/schema.org","@graph":[{"@type":"WebPage","@id":"https:\/\/www.kalkhorstertraditionsscheune.de\/www\/","url":"https:\/\/www.kalkhorstertraditionsscheune.de\/www\/","name":"\u00dcber uns - Kalkhorster Traditionsscheune e.V.","isPartOf":{"@id":"https:\/\/www.kalkhorstertraditionsscheune.de\/#website"},"datePublished":"2020-09-08T17:22:27+00:00","dateModified":"2024-03-16T12:48:27+00:00","breadcrumb":{"@id":"https:\/\/www.kalkhorstertraditionsscheune.de\/www\/#breadcrumb"},"inLanguage":"de","potentialAction":[{"@type":"ReadAction","target":["https:\/\/www.kalkhorstertraditionsscheune.de\/www\/"]}]},{"@type":"BreadcrumbList","@id":"https:\/\/www.kalkhorstertraditionsscheune.de\/www\/#breadcrumb","itemListElement":[{"@type":"ListItem","position":1,"name":"Startseite","item":"https:\/\/www.kalkhorstertraditionsscheune.de\/www\/"},{"@type":"ListItem","position":2,"name":"\u00dcber uns"}]},{"@type":"WebSite","@id":"https:\/\/www.kalkhorstertraditionsscheune.de\/#website","url":"https:\/\/www.kalkhorstertraditionsscheune.de\/","name":"Kalkhorster Traditionsscheune e.V.","description":"","potentialAction":[{"@type":"SearchAction","target":{"@type":"EntryPoint","urlTemplate":"https:\/\/www.kalkhorstertraditionsscheune.de\/?s={search_term_string}"},"query-input":"required name=search_term_string"}],"inLanguage":"de"}]}},"_links":{"self":[{"href":"https:\/\/www.kalkhorstertraditionsscheune.de\/www\/wp-json\/wp\/v2\/pages\/75"}],"collection":[{"href":"https:\/\/www.kalkhorstertraditionsscheune.de\/www\/wp-json\/wp\/v2\/pages"}],"about":[{"href":"https:\/\/www.kalkhorstertraditionsscheune.de\/www\/wp-json\/wp\/v2\/types\/page"}],"author":[{"embeddable":true,"href":"https:\/\/www.kalkhorstertraditionsscheune.de\/www\/wp-json\/wp\/v2\/users\/1"}],"replies":[{"embeddable":true,"href":"https:\/\/www.kalkhorstertraditionsscheune.de\/www\/wp-json\/wp\/v2\/comments?post=75"}],"version-history":[{"count":22,"href":"https:\/\/www.kalkhorstertraditionsscheune.de\/www\/wp-json\/wp\/v2\/pages\/75\/revisions"}],"predecessor-version":[{"id":1906,"href":"https:\/\/www.kalkhorstertraditionsscheune.de\/www\/wp-json\/wp\/v2\/pages\/75\/revisions\/1906"}],"wp:attachment":[{"href":"https:\/\/www.kalkhorstertraditionsscheune.de\/www\/wp-json\/wp\/v2\/media?parent=75"}],"curies":[{"name":"wp","href":"https:\/\/api.w.org\/{rel}","templated":true}]}}