{"id":421,"date":"2021-12-28T21:05:00","date_gmt":"2021-12-28T20:05:00","guid":{"rendered":"https:\/\/www.kalkhorstertraditionsscheune.de\/www\/?page_id=421"},"modified":"2022-01-03T22:49:19","modified_gmt":"2022-01-03T21:49:19","slug":"leader-foerderung","status":"publish","type":"page","link":"https:\/\/www.kalkhorstertraditionsscheune.de\/www\/leader-foerderung\/","title":{"rendered":"LEADER-F\u00f6rderung"},"content":{"rendered":"\n<div class=\"wp-block-columns is-layout-flex wp-container-4\">\n<div class=\"wp-block-column is-layout-flow\">\n<div class=\"wp-block-image\"><figure class=\"aligncenter size-full\"><a href=\"https:\/\/ec.europa.eu\/info\/food-farming-fisheries\/key-policies\/common-agricultural-policy\/rural-development_de\" target=\"_blank\" rel=\"noopener\"><img decoding=\"async\" loading=\"lazy\" width=\"272\" height=\"185\" src=\"https:\/\/www.kalkhorstertraditionsscheune.de\/www\/wp-content\/uploads\/2021\/12\/EULogo.png\" alt=\"\" class=\"wp-image-427\"\/><\/a><figcaption>Europ\u00e4ische Union<br> Europ\u00e4ischer Landwirtschaftsfonds f\u00fcr die Entwicklung des l\u00e4ndlichen Raumes<\/figcaption><\/figure><\/div>\n<\/div>\n\n\n\n<div class=\"wp-block-column is-layout-flow\">\n<figure class=\"wp-block-image size-full\"><a href=\"https:\/\/www.europa-mv.de\/foerderinstrumente\/fonds_mv\/\" target=\"_blank\" rel=\"noopener\"><img decoding=\"async\" loading=\"lazy\" width=\"638\" height=\"396\" src=\"https:\/\/www.kalkhorstertraditionsscheune.de\/www\/wp-content\/uploads\/2021\/12\/ELER-Fonds-MV.jpg\" alt=\"\" class=\"wp-image-434\" srcset=\"https:\/\/www.kalkhorstertraditionsscheune.de\/www\/wp-content\/uploads\/2021\/12\/ELER-Fonds-MV.jpg 638w, https:\/\/www.kalkhorstertraditionsscheune.de\/www\/wp-content\/uploads\/2021\/12\/ELER-Fonds-MV-300x186.jpg 300w\" sizes=\"(max-width: 638px) 100vw, 638px\" \/><\/a><\/figure>\n<\/div>\n\n\n\n<div class=\"wp-block-column is-layout-flow\">\n<div class=\"wp-block-image\"><figure class=\"aligncenter size-full is-resized\"><a href=\"https:\/\/www.regierung-mv.de\/Landesregierung\/lm\/Laendliche-Raeume\/Leader\" target=\"_blank\" rel=\"noopener\"><img decoding=\"async\" loading=\"lazy\" src=\"https:\/\/www.kalkhorstertraditionsscheune.de\/www\/wp-content\/uploads\/2021\/12\/MVLogo.jpg\" alt=\"\" class=\"wp-image-430\" width=\"318\" height=\"238\"\/><\/a><figcaption>kofinanziert durch das Land MV<\/figcaption><\/figure><\/div>\n<\/div>\n<\/div>\n\n\n\n<div class=\"wp-block-columns is-layout-flex wp-container-6\">\n<div class=\"wp-block-column is-layout-flow\" style=\"flex-basis:100%\">\n<div class=\"wp-block-media-text alignfull is-stacked-on-mobile is-vertically-aligned-top\" style=\"grid-template-columns:22% auto\"><figure class=\"wp-block-media-text__media\"><a href=\"https:\/\/www.regierung-mv.de\/Landesregierung\/lm\/Laendliche-Raeume\/Leader\" target=\"_blank\" rel=\"noopener\"><img decoding=\"async\" loading=\"lazy\" width=\"1024\" height=\"569\" src=\"https:\/\/www.kalkhorstertraditionsscheune.de\/www\/wp-content\/uploads\/2021\/12\/LEADERLOGO-1-1024x569.jpg\" alt=\"\" class=\"wp-image-436 size-full\" srcset=\"https:\/\/www.kalkhorstertraditionsscheune.de\/www\/wp-content\/uploads\/2021\/12\/LEADERLOGO-1-1024x569.jpg 1024w, https:\/\/www.kalkhorstertraditionsscheune.de\/www\/wp-content\/uploads\/2021\/12\/LEADERLOGO-1-300x167.jpg 300w, https:\/\/www.kalkhorstertraditionsscheune.de\/www\/wp-content\/uploads\/2021\/12\/LEADERLOGO-1-768x427.jpg 768w, https:\/\/www.kalkhorstertraditionsscheune.de\/www\/wp-content\/uploads\/2021\/12\/LEADERLOGO-1.jpg 1440w\" sizes=\"(max-width: 1024px) 100vw, 1024px\" \/><\/a><\/figure><div class=\"wp-block-media-text__content\">\n<p>F\u00fcr die Sanierung der Kalkhorster Traditionsscheune wurden F\u00f6rdermittel im Jahr 2021 \u00fcber das LEADER-Programm zur Verf\u00fcgung gestellt. Ein Ko-Finanzierung erfolgte durch das Land Mecklenburg-Vorpommern. Der Rest des Finanzbedarfes wurde aus Eigenmitteln das Vereins aufgebracht. Wir bedanken uns bei allen F\u00f6rderern.<\/p>\n\n\n\n<h2 class=\"wp-block-heading\"><span style=\"color:#061c74\" class=\"has-inline-color\"><strong>Hier investiert die Europ\u00e4ische Union in den l\u00e4ndlichen Raum.<\/strong><\/span><\/h2>\n<\/div><\/div>\n<\/div>\n<\/div>\n","protected":false},"excerpt":{"rendered":"<p>F\u00fcr die Sanierung der Kalkhorster Traditionsscheune wurden F\u00f6rdermittel im Jahr 2021 \u00fcber das LEADER-Programm zur Verf\u00fcgung gestellt. Ein Ko-Finanzierung erfolgte durch das Land Mecklenburg-Vorpommern. Der Rest des Finanzbedarfes wurde aus Eigenmitteln das Vereins aufgebracht. Wir bedanken uns bei allen F\u00f6rderern. Hier investiert die Europ\u00e4ische Union in den l\u00e4ndlichen Raum.<\/p>\n","protected":false},"author":1,"featured_media":0,"parent":0,"menu_order":0,"comment_status":"closed","ping_status":"closed","template":"","meta":[],"yoast_head":"<!-- This site is optimized with the Yoast SEO plugin v21.8.1 - https:\/\/yoast.com\/wordpress\/plugins\/seo\/ -->\n<title>LEADER-F\u00f6rderung - Kalkhorster Traditionsscheune e.V.<\/title>\n<meta name=\"robots\" content=\"index, follow, max-snippet:-1, max-image-preview:large, max-video-preview:-1\" \/>\n<link rel=\"canonical\" href=\"https:\/\/www.kalkhorstertraditionsscheune.de\/www\/leader-foerderung\/\" \/>\n<meta property=\"og:locale\" content=\"de_DE\" \/>\n<meta property=\"og:type\" content=\"article\" \/>\n<meta property=\"og:title\" content=\"LEADER-F\u00f6rderung - Kalkhorster Traditionsscheune e.V.\" \/>\n<meta property=\"og:description\" content=\"F\u00fcr die Sanierung der Kalkhorster Traditionsscheune wurden F\u00f6rdermittel im Jahr 2021 \u00fcber das LEADER-Programm zur Verf\u00fcgung gestellt. Ein Ko-Finanzierung erfolgte durch das Land Mecklenburg-Vorpommern. Der Rest des Finanzbedarfes wurde aus Eigenmitteln das Vereins aufgebracht. Wir bedanken uns bei allen F\u00f6rderern. Hier investiert die Europ\u00e4ische Union in den l\u00e4ndlichen Raum.\" \/>\n<meta property=\"og:url\" content=\"https:\/\/www.kalkhorstertraditionsscheune.de\/www\/leader-foerderung\/\" \/>\n<meta property=\"og:site_name\" content=\"Kalkhorster Traditionsscheune e.V.\" \/>\n<meta property=\"article:modified_time\" content=\"2022-01-03T21:49:19+00:00\" \/>\n<meta property=\"og:image\" content=\"https:\/\/www.kalkhorstertraditionsscheune.de\/www\/wp-content\/uploads\/2021\/12\/EULogo.png\" \/>\n<meta name=\"twitter:card\" content=\"summary_large_image\" \/>\n<meta name=\"twitter:label1\" content=\"Gesch\u00e4tzte Lesezeit\" \/>\n\t<meta name=\"twitter:data1\" content=\"2\u00a0Minuten\" \/>\n<script type=\"application\/ld+json\" class=\"yoast-schema-graph\">{\"@context\":\"https:\/\/schema.org\",\"@graph\":[{\"@type\":\"WebPage\",\"@id\":\"https:\/\/www.kalkhorstertraditionsscheune.de\/www\/leader-foerderung\/\",\"url\":\"https:\/\/www.kalkhorstertraditionsscheune.de\/www\/leader-foerderung\/\",\"name\":\"LEADER-F\u00f6rderung - Kalkhorster Traditionsscheune e.V.\",\"isPartOf\":{\"@id\":\"https:\/\/www.kalkhorstertraditionsscheune.de\/#website\"},\"datePublished\":\"2021-12-28T20:05:00+00:00\",\"dateModified\":\"2022-01-03T21:49:19+00:00\",\"breadcrumb\":{\"@id\":\"https:\/\/www.kalkhorstertraditionsscheune.de\/www\/leader-foerderung\/#breadcrumb\"},\"inLanguage\":\"de\",\"potentialAction\":[{\"@type\":\"ReadAction\",\"target\":[\"https:\/\/www.kalkhorstertraditionsscheune.de\/www\/leader-foerderung\/\"]}]},{\"@type\":\"BreadcrumbList\",\"@id\":\"https:\/\/www.kalkhorstertraditionsscheune.de\/www\/leader-foerderung\/#breadcrumb\",\"itemListElement\":[{\"@type\":\"ListItem\",\"position\":1,\"name\":\"Startseite\",\"item\":\"https:\/\/www.kalkhorstertraditionsscheune.de\/www\/\"},{\"@type\":\"ListItem\",\"position\":2,\"name\":\"LEADER-F\u00f6rderung\"}]},{\"@type\":\"WebSite\",\"@id\":\"https:\/\/www.kalkhorstertraditionsscheune.de\/#website\",\"url\":\"https:\/\/www.kalkhorstertraditionsscheune.de\/\",\"name\":\"Kalkhorster Traditionsscheune e.V.\",\"description\":\"\",\"potentialAction\":[{\"@type\":\"SearchAction\",\"target\":{\"@type\":\"EntryPoint\",\"urlTemplate\":\"https:\/\/www.kalkhorstertraditionsscheune.de\/?s={search_term_string}\"},\"query-input\":\"required name=search_term_string\"}],\"inLanguage\":\"de\"}]}<\/script>\n<!-- \/ Yoast SEO plugin. -->","yoast_head_json":{"title":"LEADER-F\u00f6rderung - Kalkhorster Traditionsscheune e.V.","robots":{"index":"index","follow":"follow","max-snippet":"max-snippet:-1","max-image-preview":"max-image-preview:large","max-video-preview":"max-video-preview:-1"},"canonical":"https:\/\/www.kalkhorstertraditionsscheune.de\/www\/leader-foerderung\/","og_locale":"de_DE","og_type":"article","og_title":"LEADER-F\u00f6rderung - Kalkhorster Traditionsscheune e.V.","og_description":"F\u00fcr die Sanierung der Kalkhorster Traditionsscheune wurden F\u00f6rdermittel im Jahr 2021 \u00fcber das LEADER-Programm zur Verf\u00fcgung gestellt. Ein Ko-Finanzierung erfolgte durch das Land Mecklenburg-Vorpommern. Der Rest des Finanzbedarfes wurde aus Eigenmitteln das Vereins aufgebracht. Wir bedanken uns bei allen F\u00f6rderern. Hier investiert die Europ\u00e4ische Union in den l\u00e4ndlichen Raum.","og_url":"https:\/\/www.kalkhorstertraditionsscheune.de\/www\/leader-foerderung\/","og_site_name":"Kalkhorster Traditionsscheune e.V.","article_modified_time":"2022-01-03T21:49:19+00:00","og_image":[{"url":"https:\/\/www.kalkhorstertraditionsscheune.de\/www\/wp-content\/uploads\/2021\/12\/EULogo.png"}],"twitter_card":"summary_large_image","twitter_misc":{"Gesch\u00e4tzte Lesezeit":"2\u00a0Minuten"},"schema":{"@context":"https:\/\/schema.org","@graph":[{"@type":"WebPage","@id":"https:\/\/www.kalkhorstertraditionsscheune.de\/www\/leader-foerderung\/","url":"https:\/\/www.kalkhorstertraditionsscheune.de\/www\/leader-foerderung\/","name":"LEADER-F\u00f6rderung - Kalkhorster Traditionsscheune e.V.","isPartOf":{"@id":"https:\/\/www.kalkhorstertraditionsscheune.de\/#website"},"datePublished":"2021-12-28T20:05:00+00:00","dateModified":"2022-01-03T21:49:19+00:00","breadcrumb":{"@id":"https:\/\/www.kalkhorstertraditionsscheune.de\/www\/leader-foerderung\/#breadcrumb"},"inLanguage":"de","potentialAction":[{"@type":"ReadAction","target":["https:\/\/www.kalkhorstertraditionsscheune.de\/www\/leader-foerderung\/"]}]},{"@type":"BreadcrumbList","@id":"https:\/\/www.kalkhorstertraditionsscheune.de\/www\/leader-foerderung\/#breadcrumb","itemListElement":[{"@type":"ListItem","position":1,"name":"Startseite","item":"https:\/\/www.kalkhorstertraditionsscheune.de\/www\/"},{"@type":"ListItem","position":2,"name":"LEADER-F\u00f6rderung"}]},{"@type":"WebSite","@id":"https:\/\/www.kalkhorstertraditionsscheune.de\/#website","url":"https:\/\/www.kalkhorstertraditionsscheune.de\/","name":"Kalkhorster Traditionsscheune e.V.","description":"","potentialAction":[{"@type":"SearchAction","target":{"@type":"EntryPoint","urlTemplate":"https:\/\/www.kalkhorstertraditionsscheune.de\/?s={search_term_string}"},"query-input":"required name=search_term_string"}],"inLanguage":"de"}]}},"_links":{"self":[{"href":"https:\/\/www.kalkhorstertraditionsscheune.de\/www\/wp-json\/wp\/v2\/pages\/421"}],"collection":[{"href":"https:\/\/www.kalkhorstertraditionsscheune.de\/www\/wp-json\/wp\/v2\/pages"}],"about":[{"href":"https:\/\/www.kalkhorstertraditionsscheune.de\/www\/wp-json\/wp\/v2\/types\/page"}],"author":[{"embeddable":true,"href":"https:\/\/www.kalkhorstertraditionsscheune.de\/www\/wp-json\/wp\/v2\/users\/1"}],"replies":[{"embeddable":true,"href":"https:\/\/www.kalkhorstertraditionsscheune.de\/www\/wp-json\/wp\/v2\/comments?post=421"}],"version-history":[{"count":9,"href":"https:\/\/www.kalkhorstertraditionsscheune.de\/www\/wp-json\/wp\/v2\/pages\/421\/revisions"}],"predecessor-version":[{"id":448,"href":"https:\/\/www.kalkhorstertraditionsscheune.de\/www\/wp-json\/wp\/v2\/pages\/421\/revisions\/448"}],"wp:attachment":[{"href":"https:\/\/www.kalkhorstertraditionsscheune.de\/www\/wp-json\/wp\/v2\/media?parent=421"}],"curies":[{"name":"wp","href":"https:\/\/api.w.org\/{rel}","templated":true}]}}