{"id":203,"date":"2020-09-10T22:05:54","date_gmt":"2020-09-10T20:05:54","guid":{"rendered":"https:\/\/www.kalkhorstertraditionsscheune.de\/www\/?page_id=203"},"modified":"2024-04-12T17:15:02","modified_gmt":"2024-04-12T15:15:02","slug":"kontakt","status":"publish","type":"page","link":"https:\/\/www.kalkhorstertraditionsscheune.de\/www\/kontakt\/","title":{"rendered":"Kontakt"},"content":{"rendered":"\n<div class=\"wp-block-columns is-layout-flex wp-container-3\">\n<div class=\"wp-block-column is-layout-flow\" style=\"flex-basis:66.66%\">\n<p><strong><span class=\"has-inline-color has-luminous-vivid-orange-color\">Standort der Scheune ist in Kalkhorst<\/span><\/strong><br><strong>Friedensstra\u00dfe 36, 23942 Kalkhorst<\/strong><br>&#8211; hinter dem Klosterkaten Richtung Pfarrhaus<\/p>\n\n\n\n<p><mark style=\"background-color:rgba(0, 0, 0, 0)\" class=\"has-inline-color has-luminous-vivid-orange-color\"><strong>Postalische Adresse<\/strong> <strong>des Vereins:<\/strong><\/mark><\/p>\n\n\n\n<p><strong>Kalkhorster Traditionsscheune e.V.<\/strong><br>  Vorstandsvorsitzender: Peter Werner<br>  Stellvertretender Vorsitzender: Mark Semrau<br>  Schatzmeisterin: Anja Godknecht<br>  Schriftf\u00fchrerin: Claudia Semrau<br>Kalkhorster Stra\u00dfe 6c<strong><br><\/strong>23948 Hohen Sch\u00f6nberg <\/p>\n\n\n\n<p> <strong>EMail:<\/strong> vorstand@kalkhorstertraditionsscheune.de<br><strong>Tel:<\/strong><span class=\"has-inline-color has-accent-color-color\"> 038827 \/ 50980<\/span>  <\/p>\n\n\n\n<p><strong>Bankverbindung:<\/strong><br>Empf\u00e4nger: Kalkhorster Traditionsscheune e.V.<br>IBAN:<span class=\"has-inline-color has-accent-color-color\"> DE02 1405 1000 1006 0303 08<\/span><br>BIC: NOLADE21WIS  <\/p>\n\n\n\n<p><strong>Vereinsregisternummer Amtsgericht Schwerin:<\/strong> VR 10427<\/p>\n\n\n\n<p><strong>Steuernummer des Vereins beim FA Wismar:<\/strong> 080\/141\/08492<\/p>\n<\/div>\n\n\n\n<div class=\"wp-block-column is-layout-flow\" style=\"flex-basis:33.33%\">\n<div class=\"wp-block-file\"><object class=\"wp-block-file__embed\" data=\"https:\/\/www.kalkhorstertraditionsscheune.de\/www\/wp-content\/uploads\/2022\/02\/Aufnahmeantrag-Kalkhorster-Traditionsscheune.pdf\" type=\"application\/pdf\" style=\"width:100%;height:369px\" aria-label=\"Einbettung von Aufnahmeantrag <br&gt;Kalkhorster Traditionsscheune e.V..\"><\/object><a id=\"wp-block-file--media-f559681c-e4eb-4f23-9433-c358b4e46cb6\" href=\"https:\/\/www.kalkhorstertraditionsscheune.de\/www\/wp-content\/uploads\/2022\/02\/Aufnahmeantrag-Kalkhorster-Traditionsscheune.pdf\" target=\"_blank\" rel=\"noreferrer noopener\">Aufnahmeantrag <br>Kalkhorster Traditionsscheune e.V.<\/a><\/div>\n<\/div>\n<\/div>\n","protected":false},"excerpt":{"rendered":"<p>Standort der Scheune ist in KalkhorstFriedensstra\u00dfe 36, 23942 Kalkhorst&#8211; hinter dem Klosterkaten Richtung Pfarrhaus Postalische Adresse des Vereins: Kalkhorster Traditionsscheune e.V. Vorstandsvorsitzender: Peter Werner Stellvertretender Vorsitzender: Mark Semrau Schatzmeisterin: Anja Godknecht Schriftf\u00fchrerin: Claudia SemrauKalkhorster Stra\u00dfe 6c23948 Hohen Sch\u00f6nberg EMail: vorstand@kalkhorstertraditionsscheune.deTel: 038827 \/ 50980 Bankverbindung:Empf\u00e4nger: Kalkhorster Traditionsscheune e.V.IBAN: DE02 1405 1000 1006 0303 08BIC: NOLADE21WIS Vereinsregisternummer [&hellip;]<\/p>\n","protected":false},"author":1,"featured_media":0,"parent":0,"menu_order":0,"comment_status":"closed","ping_status":"closed","template":"","meta":[],"yoast_head":"<!-- This site is optimized with the Yoast SEO plugin v21.8.1 - https:\/\/yoast.com\/wordpress\/plugins\/seo\/ -->\n<title>Kontakt - Kalkhorster Traditionsscheune e.V.<\/title>\n<meta name=\"robots\" content=\"index, follow, max-snippet:-1, max-image-preview:large, max-video-preview:-1\" \/>\n<link rel=\"canonical\" href=\"https:\/\/www.kalkhorstertraditionsscheune.de\/www\/kontakt\/\" \/>\n<meta property=\"og:locale\" content=\"de_DE\" \/>\n<meta property=\"og:type\" content=\"article\" \/>\n<meta property=\"og:title\" content=\"Kontakt - Kalkhorster Traditionsscheune e.V.\" \/>\n<meta property=\"og:description\" content=\"Standort der Scheune ist in KalkhorstFriedensstra\u00dfe 36, 23942 Kalkhorst&#8211; hinter dem Klosterkaten Richtung Pfarrhaus Postalische Adresse des Vereins: Kalkhorster Traditionsscheune e.V. Vorstandsvorsitzender: Peter Werner Stellvertretender Vorsitzender: Mark Semrau Schatzmeisterin: Anja Godknecht Schriftf\u00fchrerin: Claudia SemrauKalkhorster Stra\u00dfe 6c23948 Hohen Sch\u00f6nberg EMail: vorstand@kalkhorstertraditionsscheune.deTel: 038827 \/ 50980 Bankverbindung:Empf\u00e4nger: Kalkhorster Traditionsscheune e.V.IBAN: DE02 1405 1000 1006 0303 08BIC: NOLADE21WIS Vereinsregisternummer [&hellip;]\" \/>\n<meta property=\"og:url\" content=\"https:\/\/www.kalkhorstertraditionsscheune.de\/www\/kontakt\/\" \/>\n<meta property=\"og:site_name\" content=\"Kalkhorster Traditionsscheune e.V.\" \/>\n<meta property=\"article:modified_time\" content=\"2024-04-12T15:15:02+00:00\" \/>\n<meta name=\"twitter:card\" content=\"summary_large_image\" \/>\n<meta name=\"twitter:label1\" content=\"Gesch\u00e4tzte Lesezeit\" \/>\n\t<meta name=\"twitter:data1\" content=\"1\u00a0Minute\" \/>\n<script type=\"application\/ld+json\" class=\"yoast-schema-graph\">{\"@context\":\"https:\/\/schema.org\",\"@graph\":[{\"@type\":\"WebPage\",\"@id\":\"https:\/\/www.kalkhorstertraditionsscheune.de\/www\/kontakt\/\",\"url\":\"https:\/\/www.kalkhorstertraditionsscheune.de\/www\/kontakt\/\",\"name\":\"Kontakt - Kalkhorster Traditionsscheune e.V.\",\"isPartOf\":{\"@id\":\"https:\/\/www.kalkhorstertraditionsscheune.de\/#website\"},\"datePublished\":\"2020-09-10T20:05:54+00:00\",\"dateModified\":\"2024-04-12T15:15:02+00:00\",\"breadcrumb\":{\"@id\":\"https:\/\/www.kalkhorstertraditionsscheune.de\/www\/kontakt\/#breadcrumb\"},\"inLanguage\":\"de\",\"potentialAction\":[{\"@type\":\"ReadAction\",\"target\":[\"https:\/\/www.kalkhorstertraditionsscheune.de\/www\/kontakt\/\"]}]},{\"@type\":\"BreadcrumbList\",\"@id\":\"https:\/\/www.kalkhorstertraditionsscheune.de\/www\/kontakt\/#breadcrumb\",\"itemListElement\":[{\"@type\":\"ListItem\",\"position\":1,\"name\":\"Startseite\",\"item\":\"https:\/\/www.kalkhorstertraditionsscheune.de\/www\/\"},{\"@type\":\"ListItem\",\"position\":2,\"name\":\"Kontakt\"}]},{\"@type\":\"WebSite\",\"@id\":\"https:\/\/www.kalkhorstertraditionsscheune.de\/#website\",\"url\":\"https:\/\/www.kalkhorstertraditionsscheune.de\/\",\"name\":\"Kalkhorster Traditionsscheune e.V.\",\"description\":\"\",\"potentialAction\":[{\"@type\":\"SearchAction\",\"target\":{\"@type\":\"EntryPoint\",\"urlTemplate\":\"https:\/\/www.kalkhorstertraditionsscheune.de\/?s={search_term_string}\"},\"query-input\":\"required name=search_term_string\"}],\"inLanguage\":\"de\"}]}<\/script>\n<!-- \/ Yoast SEO plugin. -->","yoast_head_json":{"title":"Kontakt - Kalkhorster Traditionsscheune e.V.","robots":{"index":"index","follow":"follow","max-snippet":"max-snippet:-1","max-image-preview":"max-image-preview:large","max-video-preview":"max-video-preview:-1"},"canonical":"https:\/\/www.kalkhorstertraditionsscheune.de\/www\/kontakt\/","og_locale":"de_DE","og_type":"article","og_title":"Kontakt - Kalkhorster Traditionsscheune e.V.","og_description":"Standort der Scheune ist in KalkhorstFriedensstra\u00dfe 36, 23942 Kalkhorst&#8211; hinter dem Klosterkaten Richtung Pfarrhaus Postalische Adresse des Vereins: Kalkhorster Traditionsscheune e.V. Vorstandsvorsitzender: Peter Werner Stellvertretender Vorsitzender: Mark Semrau Schatzmeisterin: Anja Godknecht Schriftf\u00fchrerin: Claudia SemrauKalkhorster Stra\u00dfe 6c23948 Hohen Sch\u00f6nberg EMail: vorstand@kalkhorstertraditionsscheune.deTel: 038827 \/ 50980 Bankverbindung:Empf\u00e4nger: Kalkhorster Traditionsscheune e.V.IBAN: DE02 1405 1000 1006 0303 08BIC: NOLADE21WIS Vereinsregisternummer [&hellip;]","og_url":"https:\/\/www.kalkhorstertraditionsscheune.de\/www\/kontakt\/","og_site_name":"Kalkhorster Traditionsscheune e.V.","article_modified_time":"2024-04-12T15:15:02+00:00","twitter_card":"summary_large_image","twitter_misc":{"Gesch\u00e4tzte Lesezeit":"1\u00a0Minute"},"schema":{"@context":"https:\/\/schema.org","@graph":[{"@type":"WebPage","@id":"https:\/\/www.kalkhorstertraditionsscheune.de\/www\/kontakt\/","url":"https:\/\/www.kalkhorstertraditionsscheune.de\/www\/kontakt\/","name":"Kontakt - Kalkhorster Traditionsscheune e.V.","isPartOf":{"@id":"https:\/\/www.kalkhorstertraditionsscheune.de\/#website"},"datePublished":"2020-09-10T20:05:54+00:00","dateModified":"2024-04-12T15:15:02+00:00","breadcrumb":{"@id":"https:\/\/www.kalkhorstertraditionsscheune.de\/www\/kontakt\/#breadcrumb"},"inLanguage":"de","potentialAction":[{"@type":"ReadAction","target":["https:\/\/www.kalkhorstertraditionsscheune.de\/www\/kontakt\/"]}]},{"@type":"BreadcrumbList","@id":"https:\/\/www.kalkhorstertraditionsscheune.de\/www\/kontakt\/#breadcrumb","itemListElement":[{"@type":"ListItem","position":1,"name":"Startseite","item":"https:\/\/www.kalkhorstertraditionsscheune.de\/www\/"},{"@type":"ListItem","position":2,"name":"Kontakt"}]},{"@type":"WebSite","@id":"https:\/\/www.kalkhorstertraditionsscheune.de\/#website","url":"https:\/\/www.kalkhorstertraditionsscheune.de\/","name":"Kalkhorster Traditionsscheune e.V.","description":"","potentialAction":[{"@type":"SearchAction","target":{"@type":"EntryPoint","urlTemplate":"https:\/\/www.kalkhorstertraditionsscheune.de\/?s={search_term_string}"},"query-input":"required name=search_term_string"}],"inLanguage":"de"}]}},"_links":{"self":[{"href":"https:\/\/www.kalkhorstertraditionsscheune.de\/www\/wp-json\/wp\/v2\/pages\/203"}],"collection":[{"href":"https:\/\/www.kalkhorstertraditionsscheune.de\/www\/wp-json\/wp\/v2\/pages"}],"about":[{"href":"https:\/\/www.kalkhorstertraditionsscheune.de\/www\/wp-json\/wp\/v2\/types\/page"}],"author":[{"embeddable":true,"href":"https:\/\/www.kalkhorstertraditionsscheune.de\/www\/wp-json\/wp\/v2\/users\/1"}],"replies":[{"embeddable":true,"href":"https:\/\/www.kalkhorstertraditionsscheune.de\/www\/wp-json\/wp\/v2\/comments?post=203"}],"version-history":[{"count":16,"href":"https:\/\/www.kalkhorstertraditionsscheune.de\/www\/wp-json\/wp\/v2\/pages\/203\/revisions"}],"predecessor-version":[{"id":2011,"href":"https:\/\/www.kalkhorstertraditionsscheune.de\/www\/wp-json\/wp\/v2\/pages\/203\/revisions\/2011"}],"wp:attachment":[{"href":"https:\/\/www.kalkhorstertraditionsscheune.de\/www\/wp-json\/wp\/v2\/media?parent=203"}],"curies":[{"name":"wp","href":"https:\/\/api.w.org\/{rel}","templated":true}]}}